{"id":6024,"date":"2021-08-19T11:49:10","date_gmt":"2021-08-19T11:49:10","guid":{"rendered":"https:\/\/modernshop.liquid-themes.com\/elementor\/?page_id=15"},"modified":"2025-03-21T22:28:03","modified_gmt":"2025-03-21T21:28:03","slug":"homepage","status":"publish","type":"page","link":"https:\/\/www.jaffar.nimbasolution.com\/","title":{"rendered":"Homepage"},"content":{"rendered":"\t\t<div data-elementor-type=\"wp-page\" data-elementor-id=\"6024\" class=\"elementor elementor-6024\">\n\t\t\t\t\t\t<section class=\"elementor-section elementor-top-section elementor-element elementor-element-a7688b9 elementor-section-height-min-height elementor-section-full_width elementor-section-height-default elementor-section-items-middle\" data-id=\"a7688b9\" data-element_type=\"section\" data-settings=\"{&quot;background_background&quot;:&quot;classic&quot;}\">\n\t\t\t\t\t\t<div class=\"elementor-container elementor-column-gap-default\">\n\t\t\t\t\t<div class=\"elementor-column elementor-col-100 elementor-top-column elementor-element elementor-element-af71e39\" data-id=\"af71e39\" data-element_type=\"column\">\n\t\t\t<div class=\"elementor-widget-wrap elementor-element-populated\">\n\t\t\t\t\t\t<div class=\"elementor-element elementor-element-27986ae elementor-widget elementor-widget-ld_carousel\" data-id=\"27986ae\" data-element_type=\"widget\" data-widget_type=\"ld_carousel.default\">\n\t\t\t\t<div class=\"elementor-widget-container\">\n\t\t\t\t\t\n\t\t<div class=\"carousel-container pos-rel carousel-nav-center carousel-nav-xl carousel-nav-shaped carousel-nav-solid carousel-nav-circle carousel-nav-center carousel-nav-floated carousel-nav-middle carousel-nav-middle no carousel-dots-mobile-outside carousel-dots-mobile-left\" id=\"\" >\n\n\t\t\t<div class=\"carousel-items pos-rel \"  data-lqd-flickity='{\"cellAlign\":\"center\",\"prevNextButtons\":true,\"wrapAround\":true,\"autoPlay\":4000,\"navArrow\":\"6\",\"buttonsAppendTo\":\"parent_row\",\"groupCells\":false,\"pauseAutoPlayOnHover\":false,\"addSlideNumbersToArrows\":false,\"pageDots\":false}'>\n\n\t\t\t\t\t\t\t\t<div class=\"flickity-viewport pos-rel w-100 overflow-hidden\">\n\t\t\t\t\t<div class=\"flickity-slider d-flex w-100 h-100 pos-rel align-items-start\" style=\"left: 0; transform: translateX(0%);\">\n\t\t\t\t\t\t\t\t\t\t\t\t\t<div class=\"carousel-item d-flex flex-column justify-content-center has-one-child elementor-repeater-item-5351061\">\n\t\t\t\t\t\t\t\t<div class=\"carousel-item-inner pos-rel w-100\">\n\t\t\t\t\t\t\t\t\t<div class=\"carousel-item-content pos-rel w-100\">\n\n\t\t\t\t\t\t\t\t\t\t<style>.elementor-93 .elementor-element.elementor-element-058a488 > .elementor-container > .elementor-column > .elementor-widget-wrap{align-content:center;align-items:center;}.elementor-93 .elementor-element.elementor-element-be27311 > .elementor-element-populated{margin:0% 5% 0% 12%;--e-column-margin-right:5%;--e-column-margin-left:12%;}.elementor-93 .elementor-element.elementor-element-e08e44b .lqd-highlight-inner, .elementor-93 .elementor-element.elementor-element-e08e44b .lqd-highlight-inner .lqd-highlight-brush-svg{height:0.275em;}.elementor-93 .elementor-element.elementor-element-e08e44b .lqd-highlight-inner{bottom:0em;left:0em;}.elementor-93 .elementor-element.elementor-element-4f5b542 .ld-fh-element, .elementor-93 .elementor-element.elementor-element-4f5b542 .ld-fh-element a{color:#262626;}.elementor-93 .elementor-element.elementor-element-4f5b542 .ld-fh-element{font-size:17px;margin:0em 0em 2.2em 0em;}.elementor-93 .elementor-element.elementor-element-4f5b542 .lqd-highlight-inner, .elementor-93 .elementor-element.elementor-element-4f5b542 .lqd-highlight-inner .lqd-highlight-brush-svg{height:0.275em;}.elementor-93 .elementor-element.elementor-element-4f5b542 .lqd-highlight-inner{bottom:0em;left:0em;}.elementor-93 .elementor-element.elementor-element-ded858e .btn{--icon-font-size:1em;}.elementor-93 .elementor-element.elementor-element-4ee3d3b.elementor-column > .elementor-widget-wrap{justify-content:center;}.elementor-93 .elementor-element.elementor-element-4ee3d3b > .elementor-element-populated{margin:0% 17% 0% 17%;--e-column-margin-right:17%;--e-column-margin-left:17%;}.elementor-93 .elementor-element.elementor-element-512c258{text-align:center;}.elementor-93 .elementor-element.elementor-element-512c258 img{width:450px;}@media(max-width:767px){.elementor-93 .elementor-element.elementor-element-e08e44b .ld-fh-element{font-size:16vw;}.elementor-93 .elementor-element.elementor-element-4ee3d3b > .elementor-element-populated{margin:0px 0px 15px 0px;--e-column-margin-right:0px;--e-column-margin-left:0px;}}@media(min-width:768px){.elementor-93 .elementor-element.elementor-element-be27311{width:50%;}.elementor-93 .elementor-element.elementor-element-4ee3d3b{width:50%;}}<\/style>\t\t<div data-elementor-type=\"section\" data-elementor-id=\"93\" class=\"elementor elementor-93\">\n\t\t\t\t\t\t<section class=\"elementor-section elementor-top-section elementor-element elementor-element-058a488 elementor-section-content-middle elementor-reverse-mobile elementor-section-boxed elementor-section-height-default elementor-section-height-default\" data-id=\"058a488\" data-element_type=\"section\">\n\t\t\t\t\t\t<div class=\"elementor-container elementor-column-gap-default\">\n\t\t\t\t\t<div class=\"elementor-column elementor-col-50 elementor-top-column elementor-element elementor-element-be27311\" data-id=\"be27311\" data-element_type=\"column\">\n\t\t\t<div class=\"elementor-widget-wrap elementor-element-populated\">\n\t\t\t\t\t\t<div class=\"elementor-element elementor-element-e08e44b elementor-widget elementor-widget-hub_fancy_heading\" data-id=\"e08e44b\" data-element_type=\"widget\" data-widget_type=\"hub_fancy_heading.default\">\n\t\t\t\t<div class=\"elementor-widget-container\">\n\t\t\t\t\t\n\t\t<div id=\"ld-fancy-heading-69f49133ab6a9\" class=\"ld-fancy-heading pos-rel\">\n\t\t\t<h1 class=\"ld-fh-element d-inline-block pos-rel  elementor-heading-title lqd-highlight-classic lqd-highlight-grow-left h1\"  >  \u00c4pplar\u00f6 Wooden-Bar Stool.<\/h1>\t\t<\/div>\n\n\t\t\t\t\t\t<\/div>\n\t\t\t\t<\/div>\n\t\t\t\t<div class=\"elementor-element elementor-element-4f5b542 elementor-widget elementor-widget-hub_fancy_heading\" data-id=\"4f5b542\" data-element_type=\"widget\" data-widget_type=\"hub_fancy_heading.default\">\n\t\t\t\t<div class=\"elementor-widget-container\">\n\t\t\t\t\t\n\t\t<div id=\"ld-fancy-heading-69f49133abeac\" class=\"ld-fancy-heading pos-rel\">\n\t\t\t<p class=\"ld-fh-element d-inline-block pos-rel  lqd-highlight-classic lqd-highlight-grow-left p\"  >  Subscribe and get 20% off your first purchase.<\/p>\t\t<\/div>\n\n\t\t\t\t\t\t<\/div>\n\t\t\t\t<\/div>\n\t\t\t\t<div class=\"elementor-element elementor-element-ded858e elementor-widget elementor-widget-ld_button\" data-id=\"ded858e\" data-element_type=\"widget\" data-widget_type=\"ld_button.default\">\n\t\t\t\t<div class=\"elementor-widget-container\">\n\t\t\t\t\t\n\t\t\t<a\n\t\t\t\tclass=\"elementor-button btn btn-solid btn-icon-right btn-hover-swp btn-has-label\" data-localscroll=\"1\" data-localscroll-options=\"{&quot;scrollBelowSection&quot;:true}\" href=\"#\"\t\t\t>\n\t\t\t\t\t\t\t\t\t<span data-text=\"Shop Furniture\" class=\"btn-txt\">\n\t\t\t\t\t\tShop Furniture\t\t\t\t\t<\/span>\n\t\t\t\t\t\t\t\t\t\t\t\t\t\t<span class=\"btn-icon\">\n\t\t\t\t\t\t\t<i aria-hidden=\"true\" class=\"lqd-icn-ess icon-md-arrow-forward\"><\/i>\t\t\t\t\t\t<\/span>\n\t\t\t\t\t\t\t\t\t\t\t\t<span class=\"btn-icon\">\n\t\t\t\t\t\t\t<i aria-hidden=\"true\" class=\"lqd-icn-ess icon-md-arrow-forward\"><\/i>\t\t\t\t\t\t<\/span>\n\t\t\t\t\t\t\t\t\t<\/a>\n\t\t\t\t\t\t\t<\/div>\n\t\t\t\t<\/div>\n\t\t\t\t\t<\/div>\n\t\t<\/div>\n\t\t\t\t<div class=\"elementor-column elementor-col-50 elementor-top-column elementor-element elementor-element-4ee3d3b\" data-id=\"4ee3d3b\" data-element_type=\"column\">\n\t\t\t<div class=\"elementor-widget-wrap elementor-element-populated\">\n\t\t\t\t\t\t<div class=\"elementor-element elementor-element-512c258 elementor-widget elementor-widget-image\" data-id=\"512c258\" data-element_type=\"widget\" data-widget_type=\"image.default\">\n\t\t\t\t<div class=\"elementor-widget-container\">\n\t\t\t\t\t\t\t\t\t\t\t\t\t\t\t<img decoding=\"async\" src=\"https:\/\/modernshop.liquid-themes.com\/elementor\/wp-content\/uploads\/2021\/08\/chair1@2x.jpeg\" title=\"\" alt=\"\" loading=\"lazy\" \/>\t\t\t\t\t\t\t\t\t\t\t\t\t\t\t<\/div>\n\t\t\t\t<\/div>\n\t\t\t\t\t<\/div>\n\t\t<\/div>\n\t\t\t\t\t<\/div>\n\t\t<\/section>\n\t\t\t\t<\/div>\n\t\t\t\t\t\t\t\t\t\t\t<\/div>\n\t\t\t\t\t\t\t\t<\/div>\n\t\t\t\t\t\t\t<\/div>\n\t\t\t\t\t\t\t\t\t\t\t\t\t<div class=\"carousel-item d-flex flex-column justify-content-center has-one-child elementor-repeater-item-f938de3\">\n\t\t\t\t\t\t\t\t<div class=\"carousel-item-inner pos-rel w-100\">\n\t\t\t\t\t\t\t\t\t<div class=\"carousel-item-content pos-rel w-100\">\n\n\t\t\t\t\t\t\t\t\t\t<style>.elementor-96 .elementor-element.elementor-element-6fa467c > .elementor-container > .elementor-column > .elementor-widget-wrap{align-content:center;align-items:center;}.elementor-96 .elementor-element.elementor-element-8751390 > .elementor-element-populated{margin:0% 5% 0% 12%;--e-column-margin-right:5%;--e-column-margin-left:12%;}.elementor-96 .elementor-element.elementor-element-882ed8c .lqd-highlight-inner, .elementor-96 .elementor-element.elementor-element-882ed8c .lqd-highlight-inner .lqd-highlight-brush-svg{height:0.275em;}.elementor-96 .elementor-element.elementor-element-882ed8c .lqd-highlight-inner{bottom:0em;left:0em;}.elementor-96 .elementor-element.elementor-element-27d2245 .ld-fh-element, .elementor-96 .elementor-element.elementor-element-27d2245 .ld-fh-element a{color:#262626;}.elementor-96 .elementor-element.elementor-element-27d2245 .ld-fh-element{font-size:17px;margin:0em 0em 2.2em 0em;}.elementor-96 .elementor-element.elementor-element-27d2245 .lqd-highlight-inner, .elementor-96 .elementor-element.elementor-element-27d2245 .lqd-highlight-inner .lqd-highlight-brush-svg{height:0.275em;}.elementor-96 .elementor-element.elementor-element-27d2245 .lqd-highlight-inner{bottom:0em;left:0em;}.elementor-96 .elementor-element.elementor-element-9f14066 .btn{--icon-font-size:1em;}.elementor-96 .elementor-element.elementor-element-e8e64ca.elementor-column > .elementor-widget-wrap{justify-content:center;}.elementor-96 .elementor-element.elementor-element-e8e64ca > .elementor-element-populated{margin:0% 17% 0% 17%;--e-column-margin-right:17%;--e-column-margin-left:17%;}.elementor-96 .elementor-element.elementor-element-87eda7e img{width:450px;}@media(max-width:767px){.elementor-96 .elementor-element.elementor-element-882ed8c .ld-fh-element{font-size:16vw;}.elementor-96 .elementor-element.elementor-element-e8e64ca > .elementor-element-populated{margin:0px 0px 15px 0px;--e-column-margin-right:0px;--e-column-margin-left:0px;}}@media(min-width:768px){.elementor-96 .elementor-element.elementor-element-8751390{width:50%;}.elementor-96 .elementor-element.elementor-element-e8e64ca{width:50%;}}<\/style>\t\t<div data-elementor-type=\"section\" data-elementor-id=\"96\" class=\"elementor elementor-96\">\n\t\t\t\t\t\t<section class=\"elementor-section elementor-top-section elementor-element elementor-element-6fa467c elementor-section-content-middle elementor-reverse-mobile elementor-section-boxed elementor-section-height-default elementor-section-height-default\" data-id=\"6fa467c\" data-element_type=\"section\">\n\t\t\t\t\t\t<div class=\"elementor-container elementor-column-gap-default\">\n\t\t\t\t\t<div class=\"elementor-column elementor-col-50 elementor-top-column elementor-element elementor-element-8751390\" data-id=\"8751390\" data-element_type=\"column\">\n\t\t\t<div class=\"elementor-widget-wrap elementor-element-populated\">\n\t\t\t\t\t\t<div class=\"elementor-element elementor-element-882ed8c elementor-widget elementor-widget-hub_fancy_heading\" data-id=\"882ed8c\" data-element_type=\"widget\" data-widget_type=\"hub_fancy_heading.default\">\n\t\t\t\t<div class=\"elementor-widget-container\">\n\t\t\t\t\t\n\t\t<div id=\"ld-fancy-heading-69f49133ba5f1\" class=\"ld-fancy-heading pos-rel\">\n\t\t\t<h1 class=\"ld-fh-element d-inline-block pos-rel  elementor-heading-title lqd-highlight-classic lqd-highlight-grow-left h1\"  > Sk\u00e4rig Wall Clock<\/h1>\t\t<\/div>\n\n\t\t\t\t\t\t<\/div>\n\t\t\t\t<\/div>\n\t\t\t\t<div class=\"elementor-element elementor-element-27d2245 elementor-widget elementor-widget-hub_fancy_heading\" data-id=\"27d2245\" data-element_type=\"widget\" data-widget_type=\"hub_fancy_heading.default\">\n\t\t\t\t<div class=\"elementor-widget-container\">\n\t\t\t\t\t\n\t\t<div id=\"ld-fancy-heading-69f49133bac2a\" class=\"ld-fancy-heading pos-rel\">\n\t\t\t<p class=\"ld-fh-element d-inline-block pos-rel  lqd-highlight-classic lqd-highlight-grow-left p\"  > The mechanism has a silent movement so you can relax and sleep.<\/p>\t\t<\/div>\n\n\t\t\t\t\t\t<\/div>\n\t\t\t\t<\/div>\n\t\t\t\t<div class=\"elementor-element elementor-element-9f14066 elementor-widget elementor-widget-ld_button\" data-id=\"9f14066\" data-element_type=\"widget\" data-widget_type=\"ld_button.default\">\n\t\t\t\t<div class=\"elementor-widget-container\">\n\t\t\t\t\t\n\t\t\t<a\n\t\t\t\tclass=\"elementor-button btn btn-solid btn-icon-right btn-hover-swp btn-has-label\" data-localscroll=\"1\" data-localscroll-options=\"{&quot;scrollBelowSection&quot;:true}\" href=\"#\"\t\t\t>\n\t\t\t\t\t\t\t\t\t<span data-text=\"Shop Furniture\" class=\"btn-txt\">\n\t\t\t\t\t\tShop Furniture\t\t\t\t\t<\/span>\n\t\t\t\t\t\t\t\t\t\t\t\t\t\t<span class=\"btn-icon\">\n\t\t\t\t\t\t\t<i aria-hidden=\"true\" class=\"lqd-icn-ess icon-md-arrow-forward\"><\/i>\t\t\t\t\t\t<\/span>\n\t\t\t\t\t\t\t\t\t\t\t\t<span class=\"btn-icon\">\n\t\t\t\t\t\t\t<i aria-hidden=\"true\" class=\"lqd-icn-ess icon-md-arrow-forward\"><\/i>\t\t\t\t\t\t<\/span>\n\t\t\t\t\t\t\t\t\t<\/a>\n\t\t\t\t\t\t\t<\/div>\n\t\t\t\t<\/div>\n\t\t\t\t\t<\/div>\n\t\t<\/div>\n\t\t\t\t<div class=\"elementor-column elementor-col-50 elementor-top-column elementor-element elementor-element-e8e64ca\" data-id=\"e8e64ca\" data-element_type=\"column\">\n\t\t\t<div class=\"elementor-widget-wrap elementor-element-populated\">\n\t\t\t\t\t\t<div class=\"elementor-element elementor-element-87eda7e elementor-widget elementor-widget-image\" data-id=\"87eda7e\" data-element_type=\"widget\" data-widget_type=\"image.default\">\n\t\t\t\t<div class=\"elementor-widget-container\">\n\t\t\t\t\t\t\t\t\t\t\t\t\t\t\t<img decoding=\"async\" src=\"https:\/\/modernshop.liquid-themes.com\/elementor\/wp-content\/uploads\/2021\/08\/Clock1@2x.jpeg\" title=\"\" alt=\"\" loading=\"lazy\" \/>\t\t\t\t\t\t\t\t\t\t\t\t\t\t\t<\/div>\n\t\t\t\t<\/div>\n\t\t\t\t\t<\/div>\n\t\t<\/div>\n\t\t\t\t\t<\/div>\n\t\t<\/section>\n\t\t\t\t<\/div>\n\t\t\t\t\t\t\t\t\t\t\t<\/div>\n\t\t\t\t\t\t\t\t<\/div>\n\t\t\t\t\t\t\t<\/div>\n\t\t\t\t\t\t\t\t\t\t\t\t\t<div class=\"carousel-item d-flex flex-column justify-content-center has-one-child elementor-repeater-item-9627b1d\">\n\t\t\t\t\t\t\t\t<div class=\"carousel-item-inner pos-rel w-100\">\n\t\t\t\t\t\t\t\t\t<div class=\"carousel-item-content pos-rel w-100\">\n\n\t\t\t\t\t\t\t\t\t\t<style>.elementor-97 .elementor-element.elementor-element-25845cc > .elementor-container > .elementor-column > .elementor-widget-wrap{align-content:center;align-items:center;}.elementor-97 .elementor-element.elementor-element-41d81f6 > .elementor-element-populated{margin:0% 5% 0% 12%;--e-column-margin-right:5%;--e-column-margin-left:12%;}.elementor-97 .elementor-element.elementor-element-061568c .lqd-highlight-inner, .elementor-97 .elementor-element.elementor-element-061568c .lqd-highlight-inner .lqd-highlight-brush-svg{height:0.275em;}.elementor-97 .elementor-element.elementor-element-061568c .lqd-highlight-inner{bottom:0em;left:0em;}.elementor-97 .elementor-element.elementor-element-717e6e6 .ld-fh-element, .elementor-97 .elementor-element.elementor-element-717e6e6 .ld-fh-element a{color:#262626;}.elementor-97 .elementor-element.elementor-element-717e6e6 .ld-fh-element{font-size:17px;margin:0em 0em 2.2em 0em;}.elementor-97 .elementor-element.elementor-element-717e6e6 .lqd-highlight-inner, .elementor-97 .elementor-element.elementor-element-717e6e6 .lqd-highlight-inner .lqd-highlight-brush-svg{height:0.275em;}.elementor-97 .elementor-element.elementor-element-717e6e6 .lqd-highlight-inner{bottom:0em;left:0em;}.elementor-97 .elementor-element.elementor-element-ab0493b .btn{--icon-font-size:1em;}.elementor-97 .elementor-element.elementor-element-8c7e66a.elementor-column > .elementor-widget-wrap{justify-content:center;}.elementor-97 .elementor-element.elementor-element-8c7e66a > .elementor-element-populated{margin:0% 17% 0% 17%;--e-column-margin-right:17%;--e-column-margin-left:17%;}.elementor-97 .elementor-element.elementor-element-34c3102 img{width:450px;}@media(max-width:767px){.elementor-97 .elementor-element.elementor-element-061568c .ld-fh-element{font-size:15vw;}.elementor-97 .elementor-element.elementor-element-8c7e66a > .elementor-element-populated{margin:0px 0px 15px 0px;--e-column-margin-right:0px;--e-column-margin-left:0px;}}@media(min-width:768px){.elementor-97 .elementor-element.elementor-element-41d81f6{width:50%;}.elementor-97 .elementor-element.elementor-element-8c7e66a{width:50%;}}<\/style>\t\t<div data-elementor-type=\"section\" data-elementor-id=\"97\" class=\"elementor elementor-97\">\n\t\t\t\t\t\t<section class=\"elementor-section elementor-top-section elementor-element elementor-element-25845cc elementor-section-content-middle elementor-reverse-mobile elementor-section-boxed elementor-section-height-default elementor-section-height-default\" data-id=\"25845cc\" data-element_type=\"section\">\n\t\t\t\t\t\t<div class=\"elementor-container elementor-column-gap-default\">\n\t\t\t\t\t<div class=\"elementor-column elementor-col-50 elementor-top-column elementor-element elementor-element-41d81f6\" data-id=\"41d81f6\" data-element_type=\"column\">\n\t\t\t<div class=\"elementor-widget-wrap elementor-element-populated\">\n\t\t\t\t\t\t<div class=\"elementor-element elementor-element-061568c elementor-widget elementor-widget-hub_fancy_heading\" data-id=\"061568c\" data-element_type=\"widget\" data-widget_type=\"hub_fancy_heading.default\">\n\t\t\t\t<div class=\"elementor-widget-container\">\n\t\t\t\t\t\n\t\t<div id=\"ld-fancy-heading-69f49133c4154\" class=\"ld-fancy-heading pos-rel\">\n\t\t\t<h1 class=\"ld-fh-element d-inline-block pos-rel  elementor-heading-title lqd-highlight-classic lqd-highlight-grow-left h1\"  > Wooden-Bar Table.<\/h1>\t\t<\/div>\n\n\t\t\t\t\t\t<\/div>\n\t\t\t\t<\/div>\n\t\t\t\t<div class=\"elementor-element elementor-element-717e6e6 elementor-widget elementor-widget-hub_fancy_heading\" data-id=\"717e6e6\" data-element_type=\"widget\" data-widget_type=\"hub_fancy_heading.default\">\n\t\t\t\t<div class=\"elementor-widget-container\">\n\t\t\t\t\t\n\t\t<div id=\"ld-fancy-heading-69f49133c46cf\" class=\"ld-fancy-heading pos-rel\">\n\t\t\t<p class=\"ld-fh-element d-inline-block pos-rel  lqd-highlight-classic lqd-highlight-grow-left p\"  >  Subscribe and get 20% off your first purchase.<\/p>\t\t<\/div>\n\n\t\t\t\t\t\t<\/div>\n\t\t\t\t<\/div>\n\t\t\t\t<div class=\"elementor-element elementor-element-ab0493b elementor-widget elementor-widget-ld_button\" data-id=\"ab0493b\" data-element_type=\"widget\" data-widget_type=\"ld_button.default\">\n\t\t\t\t<div class=\"elementor-widget-container\">\n\t\t\t\t\t\n\t\t\t<a\n\t\t\t\tclass=\"elementor-button btn btn-solid btn-icon-right btn-hover-swp btn-has-label\" data-localscroll=\"1\" data-localscroll-options=\"{&quot;scrollBelowSection&quot;:true}\" href=\"#\"\t\t\t>\n\t\t\t\t\t\t\t\t\t<span data-text=\"Shop Furniture\" class=\"btn-txt\">\n\t\t\t\t\t\tShop Furniture\t\t\t\t\t<\/span>\n\t\t\t\t\t\t\t\t\t\t\t\t\t\t<span class=\"btn-icon\">\n\t\t\t\t\t\t\t<i aria-hidden=\"true\" class=\"lqd-icn-ess icon-md-arrow-forward\"><\/i>\t\t\t\t\t\t<\/span>\n\t\t\t\t\t\t\t\t\t\t\t\t<span class=\"btn-icon\">\n\t\t\t\t\t\t\t<i aria-hidden=\"true\" class=\"lqd-icn-ess icon-md-arrow-forward\"><\/i>\t\t\t\t\t\t<\/span>\n\t\t\t\t\t\t\t\t\t<\/a>\n\t\t\t\t\t\t\t<\/div>\n\t\t\t\t<\/div>\n\t\t\t\t\t<\/div>\n\t\t<\/div>\n\t\t\t\t<div class=\"elementor-column elementor-col-50 elementor-top-column elementor-element elementor-element-8c7e66a\" data-id=\"8c7e66a\" data-element_type=\"column\">\n\t\t\t<div class=\"elementor-widget-wrap elementor-element-populated\">\n\t\t\t\t\t\t<div class=\"elementor-element elementor-element-34c3102 elementor-widget elementor-widget-image\" data-id=\"34c3102\" data-element_type=\"widget\" data-widget_type=\"image.default\">\n\t\t\t\t<div class=\"elementor-widget-container\">\n\t\t\t\t\t\t\t\t\t\t\t\t\t\t\t<img decoding=\"async\" src=\"https:\/\/modernshop.liquid-themes.com\/elementor\/wp-content\/uploads\/2021\/08\/wood1@2x.jpeg\" title=\"\" alt=\"\" loading=\"lazy\" \/>\t\t\t\t\t\t\t\t\t\t\t\t\t\t\t<\/div>\n\t\t\t\t<\/div>\n\t\t\t\t\t<\/div>\n\t\t<\/div>\n\t\t\t\t\t<\/div>\n\t\t<\/section>\n\t\t\t\t<\/div>\n\t\t\t\t\t\t\t\t\t\t\t<\/div>\n\t\t\t\t\t\t\t\t<\/div>\n\t\t\t\t\t\t\t<\/div>\n\t\t\t\t\t\t\t\t\t\t\t<\/div>\n\t\t\t\t<\/div>\n\t\t\t<\/div>\n\t\t\t\n\t\t\t\n\t\t<\/div>\n\t\t\t\t\t\t<\/div>\n\t\t\t\t<\/div>\n\t\t\t\t\t<\/div>\n\t\t<\/div>\n\t\t\t\t\t<\/div>\n\t\t<\/section>\n\t\t\t\t<section class=\"elementor-section elementor-top-section elementor-element elementor-element-33f8a43 elementor-section-full_width elementor-section-height-default elementor-section-height-default\" data-id=\"33f8a43\" data-element_type=\"section\">\n\t\t\t\t\t\t<div class=\"elementor-container elementor-column-gap-default\">\n\t\t\t\t\t<div class=\"elementor-column elementor-col-100 elementor-top-column elementor-element elementor-element-2cc105f\" data-id=\"2cc105f\" data-element_type=\"column\">\n\t\t\t<div class=\"elementor-widget-wrap elementor-element-populated\">\n\t\t\t\t\t\t<section class=\"elementor-section elementor-inner-section elementor-element elementor-element-c1b773c elementor-section-boxed elementor-section-height-default elementor-section-height-default\" data-id=\"c1b773c\" data-element_type=\"section\">\n\t\t\t\t\t\t<div class=\"elementor-container elementor-column-gap-no\">\n\t\t\t\t\t<div class=\"elementor-column elementor-col-100 elementor-inner-column elementor-element elementor-element-b164d02\" data-id=\"b164d02\" data-element_type=\"column\">\n\t\t\t<div class=\"elementor-widget-wrap elementor-element-populated\">\n\t\t\t\t\t\t<div class=\"elementor-element elementor-element-c1c9e06 elementor-widget elementor-widget-hub_fancy_heading\" data-id=\"c1c9e06\" data-element_type=\"widget\" data-widget_type=\"hub_fancy_heading.default\">\n\t\t\t\t<div class=\"elementor-widget-container\">\n\t\t\t\t\t\n\t\t<div id=\"ld-fancy-heading-69f49133c5491\" class=\"ld-fancy-heading pos-rel\">\n\t\t\t<h2 class=\"ld-fh-element d-inline-block pos-rel  elementor-heading-title lqd-highlight-classic lqd-highlight-grow-left h2\"  > Nos articles<\/h2>\t\t<\/div>\n\n\t\t\t\t\t\t<\/div>\n\t\t\t\t<\/div>\n\t\t\t\t\t<\/div>\n\t\t<\/div>\n\t\t\t\t\t<\/div>\n\t\t<\/section>\n\t\t\t\t\t<\/div>\n\t\t<\/div>\n\t\t\t\t<div class=\"elementor-column elementor-col-100 elementor-top-column elementor-element elementor-element-72597f6\" data-id=\"72597f6\" data-element_type=\"column\">\n\t\t\t<div class=\"elementor-widget-wrap elementor-element-populated\">\n\t\t\t\t\t\t<div class=\"elementor-element elementor-element-9929cb5 elementor-widget elementor-widget-ld_woo_products_list\" data-id=\"9929cb5\" data-element_type=\"widget\" data-widget_type=\"ld_woo_products_list.default\">\n\t\t\t\t<div class=\"elementor-widget-container\">\n\t\t\t\t\t<div class=\"woocommerce\"><\/div>\t\t\t\t<\/div>\n\t\t\t\t<\/div>\n\t\t\t\t\t<\/div>\n\t\t<\/div>\n\t\t\t\t\t<\/div>\n\t\t<\/section>\n\t\t\t\t<\/div>\n\t\t","protected":false},"excerpt":{"rendered":"<p>\u00c4pplar\u00f6 Wooden-Bar Stool. Subscribe and get 20% off your first purchase. Shop Furniture Sk\u00e4rig Wall Clock The mechanism has a silent movement so you can relax and sleep. Shop Furniture Wooden-Bar Table. Subscribe and get 20% off your first purchase. Shop Furniture Nos articles Minimal Chair &#036;15.00 &ndash; &#036;20.00 Choix des options Sale! Marius Bar [&hellip;]<\/p>\n","protected":false},"author":1,"featured_media":0,"parent":0,"menu_order":0,"comment_status":"closed","ping_status":"closed","template":"","meta":{"footnotes":""},"class_list":["post-6024","page","type-page","status-publish","hentry","lqd-prod-item",null,"col-md-3 col-sm-6 col-xs-12"],"_links":{"self":[{"href":"https:\/\/www.jaffar.nimbasolution.com\/index.php?rest_route=\/wp\/v2\/pages\/6024","targetHints":{"allow":["GET"]}}],"collection":[{"href":"https:\/\/www.jaffar.nimbasolution.com\/index.php?rest_route=\/wp\/v2\/pages"}],"about":[{"href":"https:\/\/www.jaffar.nimbasolution.com\/index.php?rest_route=\/wp\/v2\/types\/page"}],"author":[{"embeddable":true,"href":"https:\/\/www.jaffar.nimbasolution.com\/index.php?rest_route=\/wp\/v2\/users\/1"}],"replies":[{"embeddable":true,"href":"https:\/\/www.jaffar.nimbasolution.com\/index.php?rest_route=%2Fwp%2Fv2%2Fcomments&post=6024"}],"version-history":[{"count":33,"href":"https:\/\/www.jaffar.nimbasolution.com\/index.php?rest_route=\/wp\/v2\/pages\/6024\/revisions"}],"predecessor-version":[{"id":6095,"href":"https:\/\/www.jaffar.nimbasolution.com\/index.php?rest_route=\/wp\/v2\/pages\/6024\/revisions\/6095"}],"wp:attachment":[{"href":"https:\/\/www.jaffar.nimbasolution.com\/index.php?rest_route=%2Fwp%2Fv2%2Fmedia&parent=6024"}],"curies":[{"name":"wp","href":"https:\/\/api.w.org\/{rel}","templated":true}]}}